{"id":182,"date":"2022-05-22T16:43:22","date_gmt":"2022-05-22T14:43:22","guid":{"rendered":"https:\/\/mpgk1.home.pl\/autoinstalator\/wordpressplugins2\/?page_id=182"},"modified":"2025-03-06T12:06:17","modified_gmt":"2025-03-06T11:06:17","slug":"deklaracja-dostepnosci","status":"publish","type":"page","link":"https:\/\/mpgk.zgorzelec.pl\/index.php\/deklaracja-dostepnosci\/","title":{"rendered":"Deklaracja dost\u0119pno\u015bci"},"content":{"rendered":"\t\t<div data-elementor-type=\"wp-page\" data-elementor-id=\"182\" class=\"elementor elementor-182\">\n\t\t\t\t\t\t\t\t\t<section class=\"elementor-section elementor-top-section elementor-element elementor-element-4f397818 elementor-section-boxed elementor-section-height-default elementor-section-height-default\" data-id=\"4f397818\" data-element_type=\"section\">\n\t\t\t\t\t\t<div class=\"elementor-container elementor-column-gap-default\">\n\t\t\t\t\t<div class=\"elementor-column elementor-col-100 elementor-top-column elementor-element elementor-element-b229f9e\" data-id=\"b229f9e\" data-element_type=\"column\">\n\t\t\t<div class=\"elementor-widget-wrap elementor-element-populated\">\n\t\t\t\t\t\t\t\t<div class=\"elementor-element elementor-element-5b0ea920 elementor-widget__width-initial elementor-widget elementor-widget-text-editor\" data-id=\"5b0ea920\" data-element_type=\"widget\" data-widget_type=\"text-editor.default\">\n\t\t\t\t<div class=\"elementor-widget-container\">\n\t\t\t<style>\/*! elementor - v3.15.0 - 09-08-2023 *\/\n.elementor-widget-text-editor.elementor-drop-cap-view-stacked .elementor-drop-cap{background-color:#69727d;color:#fff}.elementor-widget-text-editor.elementor-drop-cap-view-framed .elementor-drop-cap{color:#69727d;border:3px solid;background-color:transparent}.elementor-widget-text-editor:not(.elementor-drop-cap-view-default) .elementor-drop-cap{margin-top:8px}.elementor-widget-text-editor:not(.elementor-drop-cap-view-default) .elementor-drop-cap-letter{width:1em;height:1em}.elementor-widget-text-editor .elementor-drop-cap{float:left;text-align:center;line-height:1;font-size:50px}.elementor-widget-text-editor .elementor-drop-cap-letter{display:inline-block}<\/style>\t\t\t\t<h1 id=\"a11y-deklaracja\">Deklaracja dost\u0119pno\u015bci Miejskiego Przedsi\u0119biorstwa Gospodarki Komunalnej sp. z o.o. w Zgorzelcu<\/h1>\n<p><!-- \/wp:heading --><!-- wp:paragraph --><\/p>\n<p id=\"a11y-wstep\">Miejskie Przedsi\u0119biorstwo Gospodarki Komunalnej sp. z o.o.\u00a0zobowi\u0105zuje si\u0119 zapewni\u0107 dost\u0119pno\u015b\u0107 swojej strony internetowej zgodnie z przepisami ustawy z dnia 4\u00a0kwietnia 2019\u00a0r. o\u00a0dost\u0119pno\u015bci cyfrowej stron internetowych i\u00a0aplikacji mobilnych podmiot\u00f3w publicznych. O\u015bwiadczenie w sprawie dost\u0119pno\u015bci ma zastosowanie do strony internetowej\u00a0<a href=\"http:\/\/mpgk.zgorzelec.pl\/\">Miejskiego Przedsi\u0119biorstwa Gospodarki Komunalnej sp. z o.o. w Zgorzelcu<\/a>.<\/p>\n<p><!-- \/wp:paragraph --><!-- wp:list --><\/p>\n<ul>\n<li>Data publikacji strony internetowej: 2020-03-30<\/li>\n<li>Data ostatniej istotnej aktualizacji: 2024-07-12<\/li>\n<\/ul>\n<p><!-- \/wp:list --><!-- wp:heading --><\/p>\n<h2>Status pod wzgl\u0119dem zgodno\u015bci z ustaw\u0105<\/h2>\n<p><!-- \/wp:heading --><!-- wp:paragraph --><\/p>\n<p>Strona internetowa jest\u00a0<strong>cz\u0119\u015bciowo zgodna<\/strong>\u00a0z\u00a0ustaw\u0105 o\u00a0dost\u0119pno\u015bci cyfrowej stron internetowych i\u00a0aplikacji mobilnych podmiot\u00f3w publicznych z\u00a0powodu niezgodno\u015bci lub wy\u0142\u0105cze\u0144 wymienionych poni\u017cej.<\/p>\n<p><!-- \/wp:paragraph --><!-- wp:heading {\"level\":3} --><\/p>\n<h3>Tre\u015bci niedost\u0119pne<\/h3>\n<p><!-- \/wp:heading --><!-- wp:list --><\/p>\n<ul>\n<li>brak warstwy tekstowej w skanowanych dokumentach,<\/li>\n<li>filmy nie posiadaj\u0105 napis\u00f3w dla os\u00f3b g\u0142uchych,<\/li>\n<li>cz\u0119\u015bciowy brak opis\u00f3w alternatywnych grafik,<\/li>\n<li>pliki pdf powsta\u0142y na podstawie dokument\u00f3w lub skan\u00f3w, kt\u00f3re nie maj\u0105 dobrze zaznaczonej struktury logicznej,<\/li>\n<\/ul>\n<p><!-- \/wp:list --><!-- wp:heading {\"level\":3} --><\/p>\n<h3>Wy\u0142\u0105czenia<\/h3>\n<p><!-- \/wp:heading --><!-- wp:list --><\/p>\n<ul>\n<li>mapy s\u0105 wy\u0142\u0105czone z obowi\u0105zku zapewniania dost\u0119pno\u015bci,<\/li>\n<li>filmy zosta\u0142y opublikowane przed wej\u015bciem w \u017cycie ustawy o dost\u0119pno\u015bci cyfrowej<\/li>\n<\/ul>\n<p><!-- \/wp:list --><!-- wp:heading {\"level\":3} --><\/p>\n<h3>Przygotowanie deklaracji w sprawie dost\u0119pno\u015bci<\/h3>\n<p><!-- \/wp:heading --><!-- wp:list --><\/p>\n<ul>\n<li>Deklaracj\u0119 sporz\u0105dzono dnia: 2020-03-30<\/li>\n<li>Deklaracj\u0119 zosta\u0142a ostatnio poddana przegl\u0105dowi i aktualizacji dnia: 2024-07-12<\/li>\n<\/ul>\n<p><!-- \/wp:list --><!-- wp:paragraph --><\/p>\n<p>Deklaracj\u0119 sporz\u0105dzono na podstawie samooceny.<\/p>\n<p><!-- \/wp:paragraph --><!-- wp:heading --><\/p>\n<h2 id=\"a11y-kontakt\">Informacje zwrotne i dane kontaktowe<\/h2>\n<p><!-- \/wp:heading --><!-- wp:list --><\/p>\n<ul>\n<li>Za rozpatrywanie uwag i wniosk\u00f3w odpowiada: Beata Chanqaoui<\/li>\n<li>E-mail: biurozarzadu@mpgk.zgorzelec.pl<\/li>\n<li>Telefon:\u00a075 7758484<\/li>\n<\/ul>\n<p><!-- \/wp:list --><!-- wp:paragraph --><\/p>\n<p id=\"a11y-procedura\">Ka\u017cdy ma prawo:<\/p>\n<p><!-- \/wp:paragraph --><!-- wp:list --><\/p>\n<ul>\n<li>zg\u0142osi\u0107 uwagi dotycz\u0105ce dost\u0119pno\u015bci cyfrowej strony lub jej elementu,<\/li>\n<li>zg\u0142osi\u0107 \u017c\u0105danie zapewnienia dost\u0119pno\u015bci cyfrowej strony lub jej elementu,<\/li>\n<li>wnioskowa\u0107 o udost\u0119pnienie niedost\u0119pnej informacji w innej alternatywnej formie.<\/li>\n<\/ul>\n<p><!-- \/wp:list --><!-- wp:paragraph --><\/p>\n<p>\u017b\u0105danie musi zawiera\u0107:<\/p>\n<p><!-- \/wp:paragraph --><!-- wp:list --><\/p>\n<ul>\n<li>dane kontaktowe osoby zg\u0142aszaj\u0105cej,<\/li>\n<li>wskazanie strony lub elementu strony, kt\u00f3rej dotyczy \u017c\u0105danie,<\/li>\n<li>wskazanie dogodnej formy udost\u0119pnienia informacji, je\u015bli \u017c\u0105danie dotyczy udost\u0119pnienia w formie alternatywnej informacji niedost\u0119pnej.<\/li>\n<\/ul>\n<p><!-- \/wp:list --><!-- wp:paragraph --><\/p>\n<p>Rozpatrzenie zg\u0142oszenia powinno nast\u0105pi\u0107 niezw\u0142ocznie, najp\u00f3\u017aniej w ci\u0105gu 7 dni. Je\u015bli w tym terminie zapewnienie dost\u0119pno\u015bci albo zapewnienie dost\u0119pu w alternatywnej formie nie jest mo\u017cliwe, powinno nast\u0105pi\u0107 najdalej w ci\u0105gu 2 miesi\u0119cy od daty zg\u0142oszenia.<\/p>\n<p><!-- \/wp:paragraph --><!-- wp:heading {\"level\":3} --><\/p>\n<h3>Skargi i odwo\u0142ania<\/h3>\n<p><!-- \/wp:heading --><!-- wp:paragraph --><\/p>\n<p>Na niedotrzymanie tych termin\u00f3w oraz na odmow\u0119 realizacji \u017c\u0105dania mo\u017cna z\u0142o\u017cy\u0107 skarg\u0119 do organu nadzoruj\u0105cego poczt\u0105 lub drog\u0105 elektroniczn\u0105 na adres:<\/p>\n<p><!-- \/wp:paragraph --><!-- wp:list --><\/p>\n<ul>\n<li>Organ nadzoruj\u0105cy: Prezes Miejskiego Przedsi\u0119biorstwa Gospodarki Komunalnej sp. z o.o. w Zgorzelcu<\/li>\n<li>Adres: MPGK Sp. z o.o.<br \/>ul. \u0141u\u017cycka 3, 59-900 Zgorzelec<\/li>\n<li>E-mail: sekretariat@mpgk.zgorzelec.pl<\/li>\n<li>Telefon: 75 7758484<\/li>\n<\/ul>\n<p><!-- \/wp:list --><!-- wp:paragraph --><\/p>\n<p>Skarg\u0119 mo\u017cna z\u0142o\u017cy\u0107 r\u00f3wnie\u017c do\u00a0<a href=\"https:\/\/www.rpo.gov.pl\/content\/jak-zglosic-sie-do-rzecznika-praw-obywatelskich\">Rzecznika Praw Obywatelskich<\/a>.<\/p>\n<p><!-- \/wp:paragraph --><!-- wp:heading --><\/p>\n<h2 id=\"a11y-architektura\">Dost\u0119pno\u015b\u0107 architektoniczna<\/h2>\n<p><!-- \/wp:heading --><!-- wp:paragraph --><\/p>\n<p>Do budynku MPGK Zgorzelec prowadzi wej\u015bcie od strony ul. \u0141u\u017cyckiej.<br \/>Budynek MPGK Zgorzelec nie posiada windy.<br \/>Budynek MPGK Zgorzelec nie jest wyposa\u017cony w udogodnienia dla os\u00f3b niepe\u0142nosprawnych.<br \/>Nie ma \u00a0wyznaczonych miejsc parkingowych dla os\u00f3b niepe\u0142nosprawnych.<\/p>\n<p><strong><a href=\"https:\/\/mpgk.zgorzelec.pl\/wp-content\/uploads\/2025\/03\/Raport-MPGK-Zgorzelec.pdf\" target=\"_blank\" rel=\"noopener\">RAPORT DOST\u0118PNO\u015aCI ARCHITEKTONICZNEJ &#8211; 12.07.2024<\/a><\/strong><\/p>\n<p><!-- \/wp:paragraph --><!-- wp:heading --><\/p>\n<h2>Informacje dodatkowe<\/h2>\n<p><!-- \/wp:heading --><!-- wp:heading {\"level\":3} --><\/p>\n<h3>U\u0142atwienia<\/h3>\n<p><!-- \/wp:heading --><!-- wp:paragraph --><\/p>\n<p>Zezwolone jest wej\u015bcie z psem asystuj\u0105cym osobie niepe\u0142nosprawnej.<\/p>\n<p><!-- \/wp:paragraph --><!-- wp:heading {\"level\":3} --><\/p>\n<h3>Inne informacje i o\u015bwiadczenia<\/h3>\n<p><!-- \/wp:heading --><!-- wp:paragraph --><\/p>\n<p><strong>Komunikacja os\u00f3b nies\u0142ysz\u0105cych lub s\u0142abo s\u0142ysz\u0105cych:<\/strong><\/p>\n<p><!-- \/wp:paragraph --><!-- wp:list --><\/p>\n<ul>\n<li>skorzystanie z us\u0142ugi T\u0142umacz Migam, kt\u00f3ra umo\u017cliwia po\u0142\u0105czenia wideo z t\u0142umaczem j\u0119zyka migowego z poziomu przegl\u0105darki internetowej, aplikacji mobilnej oraz dowolnego urz\u0105dzenia z kamer\u0105. Us\u0142uga ta jest dost\u0119pna w dni robocze w godzinach pracy,<\/li>\n<li>napisanie pisma lub z\u0142o\u017cenie wniosku i wys\u0142anie na adres siedziby,<\/li>\n<li>wys\u0142anie maila na adres: sekretariat@mpgk.zgorzelec.pl<\/li>\n<\/ul>\n<p><!-- \/wp:list --><\/p>\t\t\t\t\t\t<\/div>\n\t\t\t\t<\/div>\n\t\t\t\t\t<\/div>\n\t\t<\/div>\n\t\t\t\t\t\t\t<\/div>\n\t\t<\/section>\n\t\t\t\t<section class=\"elementor-section elementor-top-section elementor-element elementor-element-317e7b7 elementor-section-boxed elementor-section-height-default elementor-section-height-default\" data-id=\"317e7b7\" data-element_type=\"section\">\n\t\t\t\t\t\t<div class=\"elementor-container elementor-column-gap-default\">\n\t\t\t\t\t<div class=\"elementor-column elementor-col-100 elementor-top-column elementor-element elementor-element-a5f3d0f\" data-id=\"a5f3d0f\" data-element_type=\"column\">\n\t\t\t<div class=\"elementor-widget-wrap elementor-element-populated\">\n\t\t\t\t\t\t\t\t<div class=\"elementor-element elementor-element-db9f7a9 elementor-widget elementor-widget-accordion\" data-id=\"db9f7a9\" data-element_type=\"widget\" data-widget_type=\"accordion.default\">\n\t\t\t\t<div class=\"elementor-widget-container\">\n\t\t\t<style>\/*! elementor - v3.15.0 - 09-08-2023 *\/\n.elementor-accordion{text-align:left}.elementor-accordion .elementor-accordion-item{border:1px solid #d5d8dc}.elementor-accordion .elementor-accordion-item+.elementor-accordion-item{border-top:none}.elementor-accordion .elementor-tab-title{margin:0;padding:15px 20px;font-weight:700;line-height:1;cursor:pointer;outline:none}.elementor-accordion .elementor-tab-title .elementor-accordion-icon{display:inline-block;width:1.5em}.elementor-accordion .elementor-tab-title .elementor-accordion-icon svg{width:1em;height:1em}.elementor-accordion .elementor-tab-title .elementor-accordion-icon.elementor-accordion-icon-right{float:right;text-align:right}.elementor-accordion .elementor-tab-title .elementor-accordion-icon.elementor-accordion-icon-left{float:left;text-align:left}.elementor-accordion .elementor-tab-title .elementor-accordion-icon .elementor-accordion-icon-closed{display:block}.elementor-accordion .elementor-tab-title .elementor-accordion-icon .elementor-accordion-icon-opened,.elementor-accordion .elementor-tab-title.elementor-active .elementor-accordion-icon-closed{display:none}.elementor-accordion .elementor-tab-title.elementor-active .elementor-accordion-icon-opened{display:block}.elementor-accordion .elementor-tab-content{display:none;padding:15px 20px;border-top:1px solid #d5d8dc}@media (max-width:767px){.elementor-accordion .elementor-tab-title{padding:12px 15px}.elementor-accordion .elementor-tab-title .elementor-accordion-icon{width:1.2em}.elementor-accordion .elementor-tab-content{padding:7px 15px}}.e-con-inner>.elementor-widget-accordion,.e-con>.elementor-widget-accordion{width:var(--container-widget-width);--flex-grow:var(--container-widget-flex-grow)}<\/style>\t\t<div class=\"elementor-accordion\">\n\t\t\t\t\t\t\t<div class=\"elementor-accordion-item\">\n\t\t\t\t\t<div id=\"elementor-tab-title-2301\" class=\"elementor-tab-title\" data-tab=\"1\" role=\"button\" aria-controls=\"elementor-tab-content-2301\" aria-expanded=\"false\">\n\t\t\t\t\t\t\t\t\t\t\t\t\t<span class=\"elementor-accordion-icon elementor-accordion-icon-left\" aria-hidden=\"true\">\n\t\t\t\t\t\t\t\t\t\t\t\t\t\t\t<span class=\"elementor-accordion-icon-closed\"><i class=\"fas fa-plus\"><\/i><\/span>\n\t\t\t\t\t\t\t\t<span class=\"elementor-accordion-icon-opened\"><i class=\"fas fa-minus\"><\/i><\/span>\n\t\t\t\t\t\t\t\t\t\t\t\t\t\t<\/span>\n\t\t\t\t\t\t\t\t\t\t\t\t<a class=\"elementor-accordion-title\" tabindex=\"0\">Do pobrania:<\/a>\n\t\t\t\t\t<\/div>\n\t\t\t\t\t<div id=\"elementor-tab-content-2301\" class=\"elementor-tab-content elementor-clearfix\" data-tab=\"1\" role=\"region\" aria-labelledby=\"elementor-tab-title-2301\"><p><a href=\"https:\/\/mpgk.zgorzelec.pl\/wp-content\/uploads\/2025\/03\/Raport-MPGK-Zgorzelec.pdf\" target=\"_blank\" rel=\"noopener\">RAPORT DOST\u0118PNO\u015aCI ARCHITEKTONICZNEJ &#8211; 12.07.2024<\/a><\/p>\n<p><a href=\"https:\/\/mpgk1.home.pl\/autoinstalator\/wordpressplugins2\/wp-content\/uploads\/2022\/05\/MPGK-raport-o-stanie-zapewnienia-dostepnosci-podmiotu-publicznego-2021.pdf\">MPGK raport o stanie zapewnienia dostepnosci podmiotu publicznego 2021<\/a><\/p><\/div>\n\t\t\t\t<\/div>\n\t\t\t\t\t\t\t\t<\/div>\n\t\t\t\t<\/div>\n\t\t\t\t<\/div>\n\t\t\t\t\t<\/div>\n\t\t<\/div>\n\t\t\t\t\t\t\t<\/div>\n\t\t<\/section>\n\t\t\t\t\t\t\t<\/div>\n\t\t","protected":false},"excerpt":{"rendered":"<p>Deklaracja dost\u0119pno\u015bci Miejskiego Przedsi\u0119biorstwa Gospodarki Komunalnej sp. z o.o. w Zgorzelcu Miejskie Przedsi\u0119biorstwo Gospodarki Komunalnej sp. z o.o.\u00a0zobowi\u0105zuje si\u0119 zapewni\u0107 dost\u0119pno\u015b\u0107 swojej strony internetowej zgodnie z przepisami ustawy z dnia 4\u00a0kwietnia 2019\u00a0r. o\u00a0dost\u0119pno\u015bci cyfrowej stron internetowych i\u00a0aplikacji mobilnych podmiot\u00f3w publicznych.<\/p>\n","protected":false},"author":2,"featured_media":0,"parent":0,"menu_order":0,"comment_status":"closed","ping_status":"closed","template":"","meta":{"footnotes":""},"class_list":["post-182","page","type-page","status-publish","hentry"],"yoast_head":"<!-- This site is optimized with the Yoast SEO plugin v20.13 - https:\/\/yoast.com\/wordpress\/plugins\/seo\/ -->\n<title>Deklaracja dost\u0119pno\u015bci - Miejskie Przedsi\u0119biorstwo Gospodarki Komunalnej Sp. z o.o. w Zgorzelcu<\/title>\n<meta name=\"robots\" content=\"index, follow, max-snippet:-1, max-image-preview:large, max-video-preview:-1\" \/>\n<link rel=\"canonical\" href=\"https:\/\/mpgk.zgorzelec.pl\/index.php\/deklaracja-dostepnosci\/\" \/>\n<meta property=\"og:locale\" content=\"pl_PL\" \/>\n<meta property=\"og:type\" content=\"article\" \/>\n<meta property=\"og:title\" content=\"Deklaracja dost\u0119pno\u015bci - Miejskie Przedsi\u0119biorstwo Gospodarki Komunalnej Sp. z o.o. w Zgorzelcu\" \/>\n<meta property=\"og:description\" content=\"Deklaracja dost\u0119pno\u015bci Miejskiego Przedsi\u0119biorstwa Gospodarki Komunalnej sp. z o.o. w Zgorzelcu Miejskie Przedsi\u0119biorstwo Gospodarki Komunalnej sp. z o.o.\u00a0zobowi\u0105zuje si\u0119 zapewni\u0107 dost\u0119pno\u015b\u0107 swojej strony internetowej zgodnie z przepisami ustawy z dnia 4\u00a0kwietnia 2019\u00a0r. o\u00a0dost\u0119pno\u015bci cyfrowej stron internetowych i\u00a0aplikacji mobilnych podmiot\u00f3w publicznych.\" \/>\n<meta property=\"og:url\" content=\"https:\/\/mpgk.zgorzelec.pl\/index.php\/deklaracja-dostepnosci\/\" \/>\n<meta property=\"og:site_name\" content=\"Miejskie Przedsi\u0119biorstwo Gospodarki Komunalnej Sp. z o.o. w Zgorzelcu\" \/>\n<meta property=\"article:modified_time\" content=\"2025-03-06T11:06:17+00:00\" \/>\n<meta name=\"twitter:card\" content=\"summary_large_image\" \/>\n<meta name=\"twitter:label1\" content=\"Szacowany czas czytania\" \/>\n\t<meta name=\"twitter:data1\" content=\"3 minuty\" \/>\n<script type=\"application\/ld+json\" class=\"yoast-schema-graph\">{\"@context\":\"https:\/\/schema.org\",\"@graph\":[{\"@type\":\"WebPage\",\"@id\":\"https:\/\/mpgk.zgorzelec.pl\/index.php\/deklaracja-dostepnosci\/\",\"url\":\"https:\/\/mpgk.zgorzelec.pl\/index.php\/deklaracja-dostepnosci\/\",\"name\":\"Deklaracja dost\u0119pno\u015bci - Miejskie Przedsi\u0119biorstwo Gospodarki Komunalnej Sp. z o.o. w Zgorzelcu\",\"isPartOf\":{\"@id\":\"https:\/\/mpgk.zgorzelec.pl\/#website\"},\"datePublished\":\"2022-05-22T14:43:22+00:00\",\"dateModified\":\"2025-03-06T11:06:17+00:00\",\"breadcrumb\":{\"@id\":\"https:\/\/mpgk.zgorzelec.pl\/index.php\/deklaracja-dostepnosci\/#breadcrumb\"},\"inLanguage\":\"pl-PL\",\"potentialAction\":[{\"@type\":\"ReadAction\",\"target\":[\"https:\/\/mpgk.zgorzelec.pl\/index.php\/deklaracja-dostepnosci\/\"]}]},{\"@type\":\"BreadcrumbList\",\"@id\":\"https:\/\/mpgk.zgorzelec.pl\/index.php\/deklaracja-dostepnosci\/#breadcrumb\",\"itemListElement\":[{\"@type\":\"ListItem\",\"position\":1,\"name\":\"Home\",\"item\":\"https:\/\/mpgk.zgorzelec.pl\/\"},{\"@type\":\"ListItem\",\"position\":2,\"name\":\"Deklaracja dost\u0119pno\u015bci\"}]},{\"@type\":\"WebSite\",\"@id\":\"https:\/\/mpgk.zgorzelec.pl\/#website\",\"url\":\"https:\/\/mpgk.zgorzelec.pl\/\",\"name\":\"Miejskie Przedsi\u0119biorstwo Gospodarki Komunalnej Sp. z o.o. w Zgorzelcu\",\"description\":\"MPGK Zgorzelec\",\"publisher\":{\"@id\":\"https:\/\/mpgk.zgorzelec.pl\/#organization\"},\"potentialAction\":[{\"@type\":\"SearchAction\",\"target\":{\"@type\":\"EntryPoint\",\"urlTemplate\":\"https:\/\/mpgk.zgorzelec.pl\/?s={search_term_string}\"},\"query-input\":\"required name=search_term_string\"}],\"inLanguage\":\"pl-PL\"},{\"@type\":\"Organization\",\"@id\":\"https:\/\/mpgk.zgorzelec.pl\/#organization\",\"name\":\"Miejskie Przedsi\u0119biorstwo Gospodarki Komunalnej Sp. z o.o. w Zgorzelcu\",\"url\":\"https:\/\/mpgk.zgorzelec.pl\/\",\"logo\":{\"@type\":\"ImageObject\",\"inLanguage\":\"pl-PL\",\"@id\":\"https:\/\/mpgk.zgorzelec.pl\/#\/schema\/logo\/image\/\",\"url\":\"https:\/\/mpgk.zgorzelec.pl\/wp-content\/uploads\/2022\/05\/cropped-Logo-e1653213732347.png\",\"contentUrl\":\"https:\/\/mpgk.zgorzelec.pl\/wp-content\/uploads\/2022\/05\/cropped-Logo-e1653213732347.png\",\"width\":100,\"height\":63,\"caption\":\"Miejskie Przedsi\u0119biorstwo Gospodarki Komunalnej Sp. z o.o. w Zgorzelcu\"},\"image\":{\"@id\":\"https:\/\/mpgk.zgorzelec.pl\/#\/schema\/logo\/image\/\"}}]}<\/script>\n<!-- \/ Yoast SEO plugin. -->","yoast_head_json":{"title":"Deklaracja dost\u0119pno\u015bci - Miejskie Przedsi\u0119biorstwo Gospodarki Komunalnej Sp. z o.o. w Zgorzelcu","robots":{"index":"index","follow":"follow","max-snippet":"max-snippet:-1","max-image-preview":"max-image-preview:large","max-video-preview":"max-video-preview:-1"},"canonical":"https:\/\/mpgk.zgorzelec.pl\/index.php\/deklaracja-dostepnosci\/","og_locale":"pl_PL","og_type":"article","og_title":"Deklaracja dost\u0119pno\u015bci - Miejskie Przedsi\u0119biorstwo Gospodarki Komunalnej Sp. z o.o. w Zgorzelcu","og_description":"Deklaracja dost\u0119pno\u015bci Miejskiego Przedsi\u0119biorstwa Gospodarki Komunalnej sp. z o.o. w Zgorzelcu Miejskie Przedsi\u0119biorstwo Gospodarki Komunalnej sp. z o.o.\u00a0zobowi\u0105zuje si\u0119 zapewni\u0107 dost\u0119pno\u015b\u0107 swojej strony internetowej zgodnie z przepisami ustawy z dnia 4\u00a0kwietnia 2019\u00a0r. o\u00a0dost\u0119pno\u015bci cyfrowej stron internetowych i\u00a0aplikacji mobilnych podmiot\u00f3w publicznych.","og_url":"https:\/\/mpgk.zgorzelec.pl\/index.php\/deklaracja-dostepnosci\/","og_site_name":"Miejskie Przedsi\u0119biorstwo Gospodarki Komunalnej Sp. z o.o. w Zgorzelcu","article_modified_time":"2025-03-06T11:06:17+00:00","twitter_card":"summary_large_image","twitter_misc":{"Szacowany czas czytania":"3 minuty"},"schema":{"@context":"https:\/\/schema.org","@graph":[{"@type":"WebPage","@id":"https:\/\/mpgk.zgorzelec.pl\/index.php\/deklaracja-dostepnosci\/","url":"https:\/\/mpgk.zgorzelec.pl\/index.php\/deklaracja-dostepnosci\/","name":"Deklaracja dost\u0119pno\u015bci - Miejskie Przedsi\u0119biorstwo Gospodarki Komunalnej Sp. z o.o. w Zgorzelcu","isPartOf":{"@id":"https:\/\/mpgk.zgorzelec.pl\/#website"},"datePublished":"2022-05-22T14:43:22+00:00","dateModified":"2025-03-06T11:06:17+00:00","breadcrumb":{"@id":"https:\/\/mpgk.zgorzelec.pl\/index.php\/deklaracja-dostepnosci\/#breadcrumb"},"inLanguage":"pl-PL","potentialAction":[{"@type":"ReadAction","target":["https:\/\/mpgk.zgorzelec.pl\/index.php\/deklaracja-dostepnosci\/"]}]},{"@type":"BreadcrumbList","@id":"https:\/\/mpgk.zgorzelec.pl\/index.php\/deklaracja-dostepnosci\/#breadcrumb","itemListElement":[{"@type":"ListItem","position":1,"name":"Home","item":"https:\/\/mpgk.zgorzelec.pl\/"},{"@type":"ListItem","position":2,"name":"Deklaracja dost\u0119pno\u015bci"}]},{"@type":"WebSite","@id":"https:\/\/mpgk.zgorzelec.pl\/#website","url":"https:\/\/mpgk.zgorzelec.pl\/","name":"Miejskie Przedsi\u0119biorstwo Gospodarki Komunalnej Sp. z o.o. w Zgorzelcu","description":"MPGK Zgorzelec","publisher":{"@id":"https:\/\/mpgk.zgorzelec.pl\/#organization"},"potentialAction":[{"@type":"SearchAction","target":{"@type":"EntryPoint","urlTemplate":"https:\/\/mpgk.zgorzelec.pl\/?s={search_term_string}"},"query-input":"required name=search_term_string"}],"inLanguage":"pl-PL"},{"@type":"Organization","@id":"https:\/\/mpgk.zgorzelec.pl\/#organization","name":"Miejskie Przedsi\u0119biorstwo Gospodarki Komunalnej Sp. z o.o. w Zgorzelcu","url":"https:\/\/mpgk.zgorzelec.pl\/","logo":{"@type":"ImageObject","inLanguage":"pl-PL","@id":"https:\/\/mpgk.zgorzelec.pl\/#\/schema\/logo\/image\/","url":"https:\/\/mpgk.zgorzelec.pl\/wp-content\/uploads\/2022\/05\/cropped-Logo-e1653213732347.png","contentUrl":"https:\/\/mpgk.zgorzelec.pl\/wp-content\/uploads\/2022\/05\/cropped-Logo-e1653213732347.png","width":100,"height":63,"caption":"Miejskie Przedsi\u0119biorstwo Gospodarki Komunalnej Sp. z o.o. w Zgorzelcu"},"image":{"@id":"https:\/\/mpgk.zgorzelec.pl\/#\/schema\/logo\/image\/"}}]}},"_links":{"self":[{"href":"https:\/\/mpgk.zgorzelec.pl\/index.php\/wp-json\/wp\/v2\/pages\/182","targetHints":{"allow":["GET"]}}],"collection":[{"href":"https:\/\/mpgk.zgorzelec.pl\/index.php\/wp-json\/wp\/v2\/pages"}],"about":[{"href":"https:\/\/mpgk.zgorzelec.pl\/index.php\/wp-json\/wp\/v2\/types\/page"}],"author":[{"embeddable":true,"href":"https:\/\/mpgk.zgorzelec.pl\/index.php\/wp-json\/wp\/v2\/users\/2"}],"replies":[{"embeddable":true,"href":"https:\/\/mpgk.zgorzelec.pl\/index.php\/wp-json\/wp\/v2\/comments?post=182"}],"version-history":[{"count":9,"href":"https:\/\/mpgk.zgorzelec.pl\/index.php\/wp-json\/wp\/v2\/pages\/182\/revisions"}],"predecessor-version":[{"id":1796,"href":"https:\/\/mpgk.zgorzelec.pl\/index.php\/wp-json\/wp\/v2\/pages\/182\/revisions\/1796"}],"wp:attachment":[{"href":"https:\/\/mpgk.zgorzelec.pl\/index.php\/wp-json\/wp\/v2\/media?parent=182"}],"curies":[{"name":"wp","href":"https:\/\/api.w.org\/{rel}","templated":true}]}}